{"id":23,"date":"2025-09-19T07:23:27","date_gmt":"2025-09-19T07:23:27","guid":{"rendered":"https:\/\/elcaldobar.rkinformatika.online\/?page_id=23"},"modified":"2025-09-19T09:56:10","modified_gmt":"2025-09-19T09:56:10","slug":"inicio","status":"publish","type":"page","link":"https:\/\/elcaldobar.com\/eu\/","title":{"rendered":"Hasiera"},"content":{"rendered":"\t\t<div data-elementor-type=\"wp-page\" data-elementor-id=\"23\" class=\"elementor elementor-23\" data-elementor-post-type=\"page\">\n\t\t\t\t<div class=\"elementor-element elementor-element-0fc72cd e-con-full e-flex e-con e-parent\" data-id=\"0fc72cd\" data-element_type=\"container\" data-e-type=\"container\" data-settings=\"{&quot;background_background&quot;:&quot;classic&quot;,&quot;background_motion_fx_motion_fx_scrolling&quot;:&quot;yes&quot;,&quot;background_motion_fx_devices&quot;:[&quot;desktop&quot;,&quot;tablet&quot;,&quot;mobile&quot;]}\">\n\t\t\t\t<div class=\"elementor-element elementor-element-4c9e737 animated-slow elementor-invisible elementor-widget elementor-widget-heading\" data-id=\"4c9e737\" data-element_type=\"widget\" data-e-type=\"widget\" data-settings=\"{&quot;_animation_tablet&quot;:&quot;fadeInUp&quot;,&quot;_animation_mobile&quot;:&quot;fadeInUp&quot;,&quot;_animation&quot;:&quot;fadeInUp&quot;}\" data-widget_type=\"heading.default\">\n\t\t\t\t\t<h2 class=\"elementor-heading-title elementor-size-default\">El Caldo Bar<\/h2>\t\t\t\t<\/div>\n\t\t\t\t<div class=\"elementor-element elementor-element-d7df7d2 animated-slow elementor-tablet-align-center elementor-invisible elementor-widget elementor-widget-button\" data-id=\"d7df7d2\" data-element_type=\"widget\" data-e-type=\"widget\" data-settings=\"{&quot;_animation_tablet&quot;:&quot;fadeInUp&quot;,&quot;_animation_mobile&quot;:&quot;fadeInUp&quot;,&quot;_animation&quot;:&quot;fadeInUp&quot;}\" data-widget_type=\"button.default\">\n\t\t\t\t\t\t\t\t\t\t<a class=\"elementor-button elementor-button-link elementor-size-sm\" href=\"https:\/\/elcaldobar.com\/contacto\/\">\n\t\t\t\t\t\t<span class=\"elementor-button-content-wrapper\">\n\t\t\t\t\t\t\t\t\t<span class=\"elementor-button-text\">Ubicacion<\/span>\n\t\t\t\t\t<\/span>\n\t\t\t\t\t<\/a>\n\t\t\t\t\t\t\t\t<\/div>\n\t\t\t\t<\/div>\n\t\t<div class=\"elementor-element elementor-element-5e7ddfb e-flex e-con-boxed e-con e-parent\" data-id=\"5e7ddfb\" data-element_type=\"container\" data-e-type=\"container\" data-settings=\"{&quot;background_background&quot;:&quot;classic&quot;}\">\n\t\t\t\t\t<div class=\"e-con-inner\">\n\t\t<div class=\"elementor-element elementor-element-4e94309 e-con-full e-flex elementor-invisible e-con e-child\" data-id=\"4e94309\" data-element_type=\"container\" data-e-type=\"container\" data-settings=\"{&quot;background_background&quot;:&quot;classic&quot;,&quot;animation&quot;:&quot;fadeInLeft&quot;}\">\n\t\t\t\t<\/div>\n\t\t<div class=\"elementor-element elementor-element-5684be8 e-con-full e-flex e-con e-child\" data-id=\"5684be8\" data-element_type=\"container\" data-e-type=\"container\">\n\t\t\t\t<div class=\"elementor-element elementor-element-a147a77 elementor-widget elementor-widget-heading\" data-id=\"a147a77\" data-element_type=\"widget\" data-e-type=\"widget\" data-widget_type=\"heading.default\">\n\t\t\t\t\t<h2 class=\"elementor-heading-title elementor-size-default\">Sobre Nosotros<\/h2>\t\t\t\t<\/div>\n\t\t\t\t<div class=\"elementor-element elementor-element-32dce78 elementor-widget elementor-widget-text-editor\" data-id=\"32dce78\" data-element_type=\"widget\" data-e-type=\"widget\" data-widget_type=\"text-editor.default\">\n\t\t\t\t\t\t\t\t\t<p data-start=\"196\" data-end=\"460\">Bienvenido a El Caldo Bar, un rinc\u00f3n con sabor a Bilbao.<\/p><p data-start=\"196\" data-end=\"460\">Desde 2017, bajo nueva gerencia, nos esforzamos por ofrecerte un ambiente cercano y aut\u00e9ntico, donde las buenas conversaciones se acompa\u00f1an siempre de pintxos, raciones y una gran selecci\u00f3n de bebidas.<\/p>\t\t\t\t\t\t\t\t<\/div>\n\t\t\t\t<\/div>\n\t\t\t\t\t<\/div>\n\t\t\t\t<\/div>\n\t\t<div class=\"elementor-element elementor-element-73049e2 e-flex e-con-boxed e-con e-parent\" data-id=\"73049e2\" data-element_type=\"container\" data-e-type=\"container\" data-settings=\"{&quot;background_background&quot;:&quot;classic&quot;}\">\n\t\t\t\t\t<div class=\"e-con-inner\">\n\t\t\t\t<div class=\"elementor-element elementor-element-6283470 elementor-invisible elementor-widget elementor-widget-heading\" data-id=\"6283470\" data-element_type=\"widget\" data-e-type=\"widget\" data-settings=\"{&quot;_animation&quot;:&quot;fadeInDown&quot;,&quot;motion_fx_motion_fx_scrolling&quot;:&quot;yes&quot;,&quot;motion_fx_opacity_effect&quot;:&quot;yes&quot;,&quot;motion_fx_opacity_direction&quot;:&quot;out-in-out&quot;,&quot;motion_fx_opacity_range&quot;:{&quot;unit&quot;:&quot;%&quot;,&quot;size&quot;:&quot;&quot;,&quot;sizes&quot;:{&quot;start&quot;:37,&quot;end&quot;:100}},&quot;motion_fx_opacity_level&quot;:{&quot;unit&quot;:&quot;px&quot;,&quot;size&quot;:10,&quot;sizes&quot;:[]},&quot;motion_fx_devices&quot;:[&quot;desktop&quot;,&quot;tablet&quot;,&quot;mobile&quot;]}\" data-widget_type=\"heading.default\">\n\t\t\t\t\t<h2 class=\"elementor-heading-title elementor-size-default\">Productos frescos y recetas aut\u00e9nticas<\/h2>\t\t\t\t<\/div>\n\t\t\t\t<div class=\"elementor-element elementor-element-c305e5a elementor-invisible elementor-widget elementor-widget-text-editor\" data-id=\"c305e5a\" data-element_type=\"widget\" data-e-type=\"widget\" data-settings=\"{&quot;_animation&quot;:&quot;fadeInUp&quot;,&quot;motion_fx_motion_fx_scrolling&quot;:&quot;yes&quot;,&quot;motion_fx_opacity_effect&quot;:&quot;yes&quot;,&quot;motion_fx_opacity_direction&quot;:&quot;out-in-out&quot;,&quot;motion_fx_opacity_range&quot;:{&quot;unit&quot;:&quot;%&quot;,&quot;size&quot;:&quot;&quot;,&quot;sizes&quot;:{&quot;start&quot;:37,&quot;end&quot;:100}},&quot;motion_fx_opacity_level&quot;:{&quot;unit&quot;:&quot;px&quot;,&quot;size&quot;:10,&quot;sizes&quot;:[]},&quot;motion_fx_devices&quot;:[&quot;desktop&quot;,&quot;tablet&quot;,&quot;mobile&quot;]}\" data-widget_type=\"text-editor.default\">\n\t\t\t\t\t\t\t\t\t<p data-start=\"38\" data-end=\"415\">Pintxos reci\u00e9n hechos cada d\u00eda, con el sabor de la cocina tradicional vasca.<\/p>\t\t\t\t\t\t\t\t<\/div>\n\t\t\t\t<div class=\"elementor-element elementor-element-2c94df1 elementor-tablet-align-center animated-slow elementor-invisible elementor-widget elementor-widget-button\" data-id=\"2c94df1\" data-element_type=\"widget\" data-e-type=\"widget\" data-settings=\"{&quot;_animation&quot;:&quot;fadeInUp&quot;,&quot;_animation_tablet&quot;:&quot;fadeInUp&quot;,&quot;_animation_mobile&quot;:&quot;fadeInUp&quot;}\" data-widget_type=\"button.default\">\n\t\t\t\t\t\t\t\t\t\t<a class=\"elementor-button elementor-button-link elementor-size-sm\" href=\"https:\/\/elcaldobar.com\/productos\/\">\n\t\t\t\t\t\t<span class=\"elementor-button-content-wrapper\">\n\t\t\t\t\t\t\t\t\t<span class=\"elementor-button-text\">Productos<\/span>\n\t\t\t\t\t<\/span>\n\t\t\t\t\t<\/a>\n\t\t\t\t\t\t\t\t<\/div>\n\t\t\t\t\t<\/div>\n\t\t\t\t<\/div>\n\t\t\t\t<\/div>\n\t\t","protected":false},"excerpt":{"rendered":"<p>El Caldo Bar Ubicacion Sobre Nosotros Bienvenido a El Caldo Bar, un rinc\u00f3n con sabor a Bilbao. Desde 2017, bajo nueva gerencia, nos esforzamos por ofrecerte un ambiente cercano y aut\u00e9ntico, donde las buenas conversaciones se acompa\u00f1an siempre de pintxos, raciones y una gran selecci\u00f3n de bebidas. Productos frescos y recetas aut\u00e9nticas Pintxos reci\u00e9n hechos [&hellip;]<\/p>\n","protected":false},"author":1,"featured_media":0,"parent":0,"menu_order":0,"comment_status":"closed","ping_status":"closed","template":"elementor_canvas","meta":{"footnotes":""},"class_list":["post-23","page","type-page","status-publish","hentry"],"yoast_head":"<!-- This site is optimized with the Yoast SEO plugin v27.3 - https:\/\/yoast.com\/product\/yoast-seo-wordpress\/ -->\n<title>Inicio - El Caldo Bar<\/title>\n<meta name=\"robots\" content=\"index, follow, max-snippet:-1, max-image-preview:large, max-video-preview:-1\" \/>\n<link rel=\"canonical\" href=\"https:\/\/elcaldobar.com\/eu\/\" \/>\n<meta property=\"og:locale\" content=\"en_US\" \/>\n<meta property=\"og:type\" content=\"article\" \/>\n<meta property=\"og:title\" content=\"Inicio - El Caldo Bar\" \/>\n<meta property=\"og:description\" content=\"El Caldo Bar Ubicacion Sobre Nosotros Bienvenido a El Caldo Bar, un rinc\u00f3n con sabor a Bilbao. Desde 2017, bajo nueva gerencia, nos esforzamos por ofrecerte un ambiente cercano y aut\u00e9ntico, donde las buenas conversaciones se acompa\u00f1an siempre de pintxos, raciones y una gran selecci\u00f3n de bebidas. Productos frescos y recetas aut\u00e9nticas Pintxos reci\u00e9n hechos [&hellip;]\" \/>\n<meta property=\"og:url\" content=\"https:\/\/elcaldobar.com\/eu\/\" \/>\n<meta property=\"og:site_name\" content=\"El Caldo Bar\" \/>\n<meta property=\"article:modified_time\" content=\"2025-09-19T09:56:10+00:00\" \/>\n<meta name=\"twitter:card\" content=\"summary_large_image\" \/>\n<meta name=\"twitter:label1\" content=\"Est. reading time\" \/>\n\t<meta name=\"twitter:data1\" content=\"1 minutua\" \/>\n<script type=\"application\/ld+json\" class=\"yoast-schema-graph\">{\"@context\":\"https:\\\/\\\/schema.org\",\"@graph\":[{\"@type\":\"WebPage\",\"@id\":\"https:\\\/\\\/elcaldobar.com\\\/\",\"url\":\"https:\\\/\\\/elcaldobar.com\\\/\",\"name\":\"Inicio - El Caldo Bar\",\"isPartOf\":{\"@id\":\"https:\\\/\\\/elcaldobar.com\\\/#website\"},\"datePublished\":\"2025-09-19T07:23:27+00:00\",\"dateModified\":\"2025-09-19T09:56:10+00:00\",\"breadcrumb\":{\"@id\":\"https:\\\/\\\/elcaldobar.com\\\/#breadcrumb\"},\"inLanguage\":\"eu\",\"potentialAction\":[{\"@type\":\"ReadAction\",\"target\":[\"https:\\\/\\\/elcaldobar.com\\\/\"]}]},{\"@type\":\"BreadcrumbList\",\"@id\":\"https:\\\/\\\/elcaldobar.com\\\/#breadcrumb\",\"itemListElement\":[{\"@type\":\"ListItem\",\"position\":1,\"name\":\"Portada\",\"item\":\"https:\\\/\\\/elcaldobar.com\\\/\"},{\"@type\":\"ListItem\",\"position\":2,\"name\":\"Inicio\"}]},{\"@type\":\"WebSite\",\"@id\":\"https:\\\/\\\/elcaldobar.com\\\/#website\",\"url\":\"https:\\\/\\\/elcaldobar.com\\\/\",\"name\":\"El Caldo Bar\",\"description\":\"Bar\",\"publisher\":{\"@id\":\"https:\\\/\\\/elcaldobar.com\\\/#organization\"},\"potentialAction\":[{\"@type\":\"SearchAction\",\"target\":{\"@type\":\"EntryPoint\",\"urlTemplate\":\"https:\\\/\\\/elcaldobar.com\\\/?s={search_term_string}\"},\"query-input\":{\"@type\":\"PropertyValueSpecification\",\"valueRequired\":true,\"valueName\":\"search_term_string\"}}],\"inLanguage\":\"eu\"},{\"@type\":\"Organization\",\"@id\":\"https:\\\/\\\/elcaldobar.com\\\/#organization\",\"name\":\"El Caldo Bar\",\"url\":\"https:\\\/\\\/elcaldobar.com\\\/\",\"logo\":{\"@type\":\"ImageObject\",\"inLanguage\":\"eu\",\"@id\":\"https:\\\/\\\/elcaldobar.com\\\/#\\\/schema\\\/logo\\\/image\\\/\",\"url\":\"https:\\\/\\\/elcaldobar.com\\\/wp-content\\\/uploads\\\/2025\\\/09\\\/cropped-Alimentacion-Carniceria-Falou-500-x-500-px.png\",\"contentUrl\":\"https:\\\/\\\/elcaldobar.com\\\/wp-content\\\/uploads\\\/2025\\\/09\\\/cropped-Alimentacion-Carniceria-Falou-500-x-500-px.png\",\"width\":474,\"height\":441,\"caption\":\"El Caldo Bar\"},\"image\":{\"@id\":\"https:\\\/\\\/elcaldobar.com\\\/#\\\/schema\\\/logo\\\/image\\\/\"}}]}<\/script>\n<!-- \/ Yoast SEO plugin. -->","yoast_head_json":{"title":"Inicio - El Caldo Bar","robots":{"index":"index","follow":"follow","max-snippet":"max-snippet:-1","max-image-preview":"max-image-preview:large","max-video-preview":"max-video-preview:-1"},"canonical":"https:\/\/elcaldobar.com\/eu\/","og_locale":"en_US","og_type":"article","og_title":"Inicio - El Caldo Bar","og_description":"El Caldo Bar Ubicacion Sobre Nosotros Bienvenido a El Caldo Bar, un rinc\u00f3n con sabor a Bilbao. Desde 2017, bajo nueva gerencia, nos esforzamos por ofrecerte un ambiente cercano y aut\u00e9ntico, donde las buenas conversaciones se acompa\u00f1an siempre de pintxos, raciones y una gran selecci\u00f3n de bebidas. Productos frescos y recetas aut\u00e9nticas Pintxos reci\u00e9n hechos [&hellip;]","og_url":"https:\/\/elcaldobar.com\/eu\/","og_site_name":"El Caldo Bar","article_modified_time":"2025-09-19T09:56:10+00:00","twitter_card":"summary_large_image","twitter_misc":{"Est. reading time":"1 minutua"},"schema":{"@context":"https:\/\/schema.org","@graph":[{"@type":"WebPage","@id":"https:\/\/elcaldobar.com\/","url":"https:\/\/elcaldobar.com\/","name":"Inicio - El Caldo Bar","isPartOf":{"@id":"https:\/\/elcaldobar.com\/#website"},"datePublished":"2025-09-19T07:23:27+00:00","dateModified":"2025-09-19T09:56:10+00:00","breadcrumb":{"@id":"https:\/\/elcaldobar.com\/#breadcrumb"},"inLanguage":"eu","potentialAction":[{"@type":"ReadAction","target":["https:\/\/elcaldobar.com\/"]}]},{"@type":"BreadcrumbList","@id":"https:\/\/elcaldobar.com\/#breadcrumb","itemListElement":[{"@type":"ListItem","position":1,"name":"Portada","item":"https:\/\/elcaldobar.com\/"},{"@type":"ListItem","position":2,"name":"Inicio"}]},{"@type":"WebSite","@id":"https:\/\/elcaldobar.com\/#website","url":"https:\/\/elcaldobar.com\/","name":"Taberna salda","description":"Bar","publisher":{"@id":"https:\/\/elcaldobar.com\/#organization"},"potentialAction":[{"@type":"SearchAction","target":{"@type":"EntryPoint","urlTemplate":"https:\/\/elcaldobar.com\/?s={search_term_string}"},"query-input":{"@type":"PropertyValueSpecification","valueRequired":true,"valueName":"search_term_string"}}],"inLanguage":"eu"},{"@type":"Organization","@id":"https:\/\/elcaldobar.com\/#organization","name":"Taberna salda","url":"https:\/\/elcaldobar.com\/","logo":{"@type":"ImageObject","inLanguage":"eu","@id":"https:\/\/elcaldobar.com\/#\/schema\/logo\/image\/","url":"https:\/\/elcaldobar.com\/wp-content\/uploads\/2025\/09\/cropped-Alimentacion-Carniceria-Falou-500-x-500-px.png","contentUrl":"https:\/\/elcaldobar.com\/wp-content\/uploads\/2025\/09\/cropped-Alimentacion-Carniceria-Falou-500-x-500-px.png","width":474,"height":441,"caption":"El Caldo Bar"},"image":{"@id":"https:\/\/elcaldobar.com\/#\/schema\/logo\/image\/"}}]}},"_links":{"self":[{"href":"https:\/\/elcaldobar.com\/eu\/wp-json\/wp\/v2\/pages\/23","targetHints":{"allow":["GET"]}}],"collection":[{"href":"https:\/\/elcaldobar.com\/eu\/wp-json\/wp\/v2\/pages"}],"about":[{"href":"https:\/\/elcaldobar.com\/eu\/wp-json\/wp\/v2\/types\/page"}],"author":[{"embeddable":true,"href":"https:\/\/elcaldobar.com\/eu\/wp-json\/wp\/v2\/users\/1"}],"replies":[{"embeddable":true,"href":"https:\/\/elcaldobar.com\/eu\/wp-json\/wp\/v2\/comments?post=23"}],"version-history":[{"count":40,"href":"https:\/\/elcaldobar.com\/eu\/wp-json\/wp\/v2\/pages\/23\/revisions"}],"predecessor-version":[{"id":196,"href":"https:\/\/elcaldobar.com\/eu\/wp-json\/wp\/v2\/pages\/23\/revisions\/196"}],"wp:attachment":[{"href":"https:\/\/elcaldobar.com\/eu\/wp-json\/wp\/v2\/media?parent=23"}],"curies":[{"name":"wp","href":"https:\/\/api.w.org\/{rel}","templated":true}]}}